{"id":3856,"date":"2025-09-15T10:31:52","date_gmt":"2025-09-15T13:31:52","guid":{"rendered":"https:\/\/www.lathrop.legal\/?page_id=3856"},"modified":"2025-09-15T10:31:52","modified_gmt":"2025-09-15T13:31:52","slug":"what-we-do-2","status":"publish","type":"page","link":"https:\/\/www.lathrop.legal\/en\/what-we-do-2\/","title":{"rendered":"What we do"},"content":{"rendered":"<p>What We Do  \u00c1reas de pr\u00e1ctica Conoce las diversas \u00e1reas de pr\u00e1ctica que desempe\u00f1amos en Lathrop Mujica Herrera &#038; Diez Abogados.<br \/>\n Industrias Descubre los rubros en los que nuestros profesionales se especializan.  Entregar lo mejor del abogado moderno sin prescindir de lo que caracterizaba a los abogados de anta\u00f1o: aconsejar y acompa\u00f1ar a nuestros clientes, entregando nuestra experiencia y criterio con profunda discreci\u00f3n y lealtad, con una mirada en 360 grados. Nuestro enfoque Visi\u00f3n integral Nos involucramos a fondo con las necesidades legales de cada uno de nuestros clientes a partir de la comprensi\u00f3n de su negocio y los desaf\u00edos que presenta su actividad en sus respectivas industrias. Orientaci\u00f3n a los detalles Nuestro trabajo se caracteriza por la atenci\u00f3n y cuidado en los detalles con que abordamos cada uno de los requerimientos de nuestros clientes. Resolvemos desde los asuntos estrat\u00e9gicos hasta la ejecuci\u00f3n de las acciones necesarias para concretar los objetivos propuestos. Equipo especializado En Lathrop Mujica Herrera &amp; Diez Abogados contamos con un grupo de profesionales altamente especializados y con vasta experiencia en diversas \u00e1reas de pr\u00e1ctica, lo que nos permite prestar una asesor\u00eda integral, independiente de la complejidad de la solicitud. Promesa de servicio Soluciones integrales Entendemos que nuestros clientes pueden plantearnos necesidades que exigen una mirada desde diferentes especialidades jur\u00eddicas. En Lathrop Mujica Herrera &amp; Diez Abogados confluye la amplia experiencia de nuestro equipo con nuestro desempe\u00f1o en diversas \u00e1reas de pr\u00e1ctica para dar respuestas integrales a los desaf\u00edos legales que se presenten. Cultura de servicio y confianza Nuestro equipo estar\u00e1 siempre al servicio de las diversas consultas y necesidades de nuestros clientes, brindando claridad, certeza y tranquilidad en el trabajo que desarrollamos. Asesor\u00eda legal de excelencia Proponemos estrategias legales creadas espec\u00edficamente para dar respuesta a cada una de las m\u00faltiples necesidades que puedan presentar nuestros clientes, anticipando escenarios y generando respuestas eficientes con un sello de excelencia en el dise\u00f1o y ejecuci\u00f3n de las acciones que emprendemos.<\/p>\n","protected":false},"excerpt":{"rendered":"<p>What We Do \u00c1reas de pr\u00e1ctica Conoce las diversas \u00e1reas de pr\u00e1ctica que desempe\u00f1amos en Lathrop Mujica Herrera &#038; Diez Abogados. Industrias Descubre los rubros en los que nuestros profesionales se especializan. Entregar lo mejor del abogado moderno sin prescindir de lo que caracterizaba a los abogados de anta\u00f1o: aconsejar y acompa\u00f1ar a nuestros clientes, [&hellip;]<\/p>\n","protected":false},"author":7,"featured_media":0,"parent":0,"menu_order":7,"comment_status":"closed","ping_status":"closed","template":"module-template","meta":{"_acf_changed":false,"footnotes":""},"class_list":["post-3856","page","type-page","status-publish","hentry"],"acf":[],"yoast_head":"<!-- This site is optimized with the Yoast SEO plugin v24.9 - https:\/\/yoast.com\/wordpress\/plugins\/seo\/ -->\n<title>What we do - Lathrop Mujica Herrera &amp; Diez Abogados<\/title>\n<meta name=\"robots\" content=\"index, follow, max-snippet:-1, max-image-preview:large, max-video-preview:-1\" \/>\n<link rel=\"canonical\" href=\"https:\/\/www.lathrop.legal\/en\/what-we-do-2\/\" \/>\n<meta property=\"og:locale\" content=\"en_US\" \/>\n<meta property=\"og:type\" content=\"article\" \/>\n<meta property=\"og:title\" content=\"What we do - Lathrop Mujica Herrera &amp; Diez Abogados\" \/>\n<meta property=\"og:description\" content=\"What We Do \u00c1reas de pr\u00e1ctica Conoce las diversas \u00e1reas de pr\u00e1ctica que desempe\u00f1amos en Lathrop Mujica Herrera &#038; Diez Abogados. Industrias Descubre los rubros en los que nuestros profesionales se especializan. Entregar lo mejor del abogado moderno sin prescindir de lo que caracterizaba a los abogados de anta\u00f1o: aconsejar y acompa\u00f1ar a nuestros clientes, [&hellip;]\" \/>\n<meta property=\"og:url\" content=\"https:\/\/www.lathrop.legal\/en\/what-we-do-2\/\" \/>\n<meta property=\"og:site_name\" content=\"Lathrop Mujica Herrera &amp; Diez Abogados\" \/>\n<meta name=\"twitter:card\" content=\"summary_large_image\" \/>\n<meta name=\"twitter:label1\" content=\"Est. reading time\" \/>\n\t<meta name=\"twitter:data1\" content=\"2 minutes\" \/>\n<script type=\"application\/ld+json\" class=\"yoast-schema-graph\">{\"@context\":\"https:\/\/schema.org\",\"@graph\":[{\"@type\":\"WebPage\",\"@id\":\"https:\/\/www.lathrop.legal\/en\/what-we-do-2\/\",\"url\":\"https:\/\/www.lathrop.legal\/en\/what-we-do-2\/\",\"name\":\"What we do - Lathrop Mujica Herrera &amp; Diez Abogados\",\"isPartOf\":{\"@id\":\"https:\/\/www.lathrop.legal\/en\/#website\"},\"datePublished\":\"2025-09-15T13:31:52+00:00\",\"breadcrumb\":{\"@id\":\"https:\/\/www.lathrop.legal\/en\/what-we-do-2\/#breadcrumb\"},\"inLanguage\":\"en-US\",\"potentialAction\":[{\"@type\":\"ReadAction\",\"target\":[\"https:\/\/www.lathrop.legal\/en\/what-we-do-2\/\"]}]},{\"@type\":\"BreadcrumbList\",\"@id\":\"https:\/\/www.lathrop.legal\/en\/what-we-do-2\/#breadcrumb\",\"itemListElement\":[{\"@type\":\"ListItem\",\"position\":1,\"name\":\"Home\",\"item\":\"https:\/\/www.lathrop.legal\/en\/\"},{\"@type\":\"ListItem\",\"position\":2,\"name\":\"What we do\"}]},{\"@type\":\"WebSite\",\"@id\":\"https:\/\/www.lathrop.legal\/en\/#website\",\"url\":\"https:\/\/www.lathrop.legal\/en\/\",\"name\":\"Lathrop Mujica Herrera &amp; Diez Abogados\",\"description\":\"\",\"potentialAction\":[{\"@type\":\"SearchAction\",\"target\":{\"@type\":\"EntryPoint\",\"urlTemplate\":\"https:\/\/www.lathrop.legal\/en\/?s={search_term_string}\"},\"query-input\":{\"@type\":\"PropertyValueSpecification\",\"valueRequired\":true,\"valueName\":\"search_term_string\"}}],\"inLanguage\":\"en-US\"}]}<\/script>\n<!-- \/ Yoast SEO plugin. -->","yoast_head_json":{"title":"What we do - Lathrop Mujica Herrera &amp; Diez Abogados","robots":{"index":"index","follow":"follow","max-snippet":"max-snippet:-1","max-image-preview":"max-image-preview:large","max-video-preview":"max-video-preview:-1"},"canonical":"https:\/\/www.lathrop.legal\/en\/what-we-do-2\/","og_locale":"en_US","og_type":"article","og_title":"What we do - Lathrop Mujica Herrera &amp; Diez Abogados","og_description":"What We Do \u00c1reas de pr\u00e1ctica Conoce las diversas \u00e1reas de pr\u00e1ctica que desempe\u00f1amos en Lathrop Mujica Herrera &#038; Diez Abogados. Industrias Descubre los rubros en los que nuestros profesionales se especializan. Entregar lo mejor del abogado moderno sin prescindir de lo que caracterizaba a los abogados de anta\u00f1o: aconsejar y acompa\u00f1ar a nuestros clientes, [&hellip;]","og_url":"https:\/\/www.lathrop.legal\/en\/what-we-do-2\/","og_site_name":"Lathrop Mujica Herrera &amp; Diez Abogados","twitter_card":"summary_large_image","twitter_misc":{"Est. reading time":"2 minutes"},"schema":{"@context":"https:\/\/schema.org","@graph":[{"@type":"WebPage","@id":"https:\/\/www.lathrop.legal\/en\/what-we-do-2\/","url":"https:\/\/www.lathrop.legal\/en\/what-we-do-2\/","name":"What we do - Lathrop Mujica Herrera &amp; Diez Abogados","isPartOf":{"@id":"https:\/\/www.lathrop.legal\/en\/#website"},"datePublished":"2025-09-15T13:31:52+00:00","breadcrumb":{"@id":"https:\/\/www.lathrop.legal\/en\/what-we-do-2\/#breadcrumb"},"inLanguage":"en-US","potentialAction":[{"@type":"ReadAction","target":["https:\/\/www.lathrop.legal\/en\/what-we-do-2\/"]}]},{"@type":"BreadcrumbList","@id":"https:\/\/www.lathrop.legal\/en\/what-we-do-2\/#breadcrumb","itemListElement":[{"@type":"ListItem","position":1,"name":"Home","item":"https:\/\/www.lathrop.legal\/en\/"},{"@type":"ListItem","position":2,"name":"What we do"}]},{"@type":"WebSite","@id":"https:\/\/www.lathrop.legal\/en\/#website","url":"https:\/\/www.lathrop.legal\/en\/","name":"Lathrop Mujica Herrera &amp; Diez Abogados","description":"","potentialAction":[{"@type":"SearchAction","target":{"@type":"EntryPoint","urlTemplate":"https:\/\/www.lathrop.legal\/en\/?s={search_term_string}"},"query-input":{"@type":"PropertyValueSpecification","valueRequired":true,"valueName":"search_term_string"}}],"inLanguage":"en-US"}]}},"_links":{"self":[{"href":"https:\/\/www.lathrop.legal\/en\/wp-json\/wp\/v2\/pages\/3856","targetHints":{"allow":["GET"]}}],"collection":[{"href":"https:\/\/www.lathrop.legal\/en\/wp-json\/wp\/v2\/pages"}],"about":[{"href":"https:\/\/www.lathrop.legal\/en\/wp-json\/wp\/v2\/types\/page"}],"author":[{"embeddable":true,"href":"https:\/\/www.lathrop.legal\/en\/wp-json\/wp\/v2\/users\/7"}],"replies":[{"embeddable":true,"href":"https:\/\/www.lathrop.legal\/en\/wp-json\/wp\/v2\/comments?post=3856"}],"version-history":[{"count":1,"href":"https:\/\/www.lathrop.legal\/en\/wp-json\/wp\/v2\/pages\/3856\/revisions"}],"predecessor-version":[{"id":3975,"href":"https:\/\/www.lathrop.legal\/en\/wp-json\/wp\/v2\/pages\/3856\/revisions\/3975"}],"wp:attachment":[{"href":"https:\/\/www.lathrop.legal\/en\/wp-json\/wp\/v2\/media?parent=3856"}],"curies":[{"name":"wp","href":"https:\/\/api.w.org\/{rel}","templated":true}]}}