{"id":3132,"date":"2024-01-04T11:45:34","date_gmt":"2024-01-04T14:45:34","guid":{"rendered":"https:\/\/www.lathrop.legal\/oficinas\/"},"modified":"2026-01-10T17:49:24","modified_gmt":"2026-01-10T20:49:24","slug":"office","status":"publish","type":"page","link":"https:\/\/www.lathrop.legal\/en\/office\/","title":{"rendered":"Office"},"content":{"rendered":"<p> Office Descubre nuestro espacio de trabajo y conoce donde nacen nuestras estrategias legales. Ubicaci\u00f3n Las oficinas de Lathrop Mujica Herrera &amp; Diez Abogados est\u00e1n ubicadas en Av. El Golf 82, piso 3, Las Condes, Santiago &#8211; Chile. Infraestructura M\u00e1xima seguridad Oficinas seguras Contamos con medidas de seguridad con el fin de resguardar la integridad de nuestros colaboradores y tambi\u00e9n de nuestros clientes. Datos digitales resguardados Sabemos que los datos de nuestros clientes son de extremado cuidado, es por eso que utilizamos softwares de seguridad con el fin de evitar el robo digital de datos o sustracci\u00f3n de informaci\u00f3n. Documentos bajo m\u00e1xima seguridad Seguimos estrictos protocolos para resguardar la confidencialidad que la documentaci\u00f3n referida a las diferentes asesor\u00edas legales solicitadas por nuestros clientes requiere.  Administraci\u00f3n Equipo de administraci\u00f3n disponible a todo evento. Conoce m\u00e1s de nosotros Te invitamos a descubrir m\u00e1s sobre nuestro equipo de trabajo. Gesti\u00f3n expedita de documentos administrativos y contables. Orientaci\u00f3n al servicio y resoluci\u00f3n r\u00e1pida de problemas.<\/p>\n","protected":false},"excerpt":{"rendered":"<p>Office Descubre nuestro espacio de trabajo y conoce donde nacen nuestras estrategias legales. Ubicaci\u00f3n Las oficinas de Lathrop Mujica Herrera &amp; Diez Abogados est\u00e1n ubicadas en Av. El Golf 82, piso 3, Las Condes, Santiago &#8211; Chile. Infraestructura M\u00e1xima seguridad Oficinas seguras Contamos con medidas de seguridad con el fin de resguardar la integridad de [&hellip;]<\/p>\n","protected":false},"author":2,"featured_media":0,"parent":0,"menu_order":12,"comment_status":"closed","ping_status":"closed","template":"module-template","meta":{"_acf_changed":false,"footnotes":""},"class_list":["post-3132","page","type-page","status-publish","hentry"],"acf":[],"yoast_head":"<!-- This site is optimized with the Yoast SEO plugin v24.9 - https:\/\/yoast.com\/wordpress\/plugins\/seo\/ -->\n<title>Office - Lathrop Mujica Herrera &amp; Diez Abogados<\/title>\n<meta name=\"robots\" content=\"index, follow, max-snippet:-1, max-image-preview:large, max-video-preview:-1\" \/>\n<link rel=\"canonical\" href=\"https:\/\/www.lathrop.legal\/en\/office\/\" \/>\n<meta property=\"og:locale\" content=\"en_US\" \/>\n<meta property=\"og:type\" content=\"article\" \/>\n<meta property=\"og:title\" content=\"Office - Lathrop Mujica Herrera &amp; Diez Abogados\" \/>\n<meta property=\"og:description\" content=\"Office Descubre nuestro espacio de trabajo y conoce donde nacen nuestras estrategias legales. Ubicaci\u00f3n Las oficinas de Lathrop Mujica Herrera &amp; Diez Abogados est\u00e1n ubicadas en Av. El Golf 82, piso 3, Las Condes, Santiago &#8211; Chile. Infraestructura M\u00e1xima seguridad Oficinas seguras Contamos con medidas de seguridad con el fin de resguardar la integridad de [&hellip;]\" \/>\n<meta property=\"og:url\" content=\"https:\/\/www.lathrop.legal\/en\/office\/\" \/>\n<meta property=\"og:site_name\" content=\"Lathrop Mujica Herrera &amp; Diez Abogados\" \/>\n<meta property=\"article:modified_time\" content=\"2026-01-10T20:49:24+00:00\" \/>\n<meta name=\"twitter:card\" content=\"summary_large_image\" \/>\n<meta name=\"twitter:label1\" content=\"Est. reading time\" \/>\n\t<meta name=\"twitter:data1\" content=\"1 minute\" \/>\n<script type=\"application\/ld+json\" class=\"yoast-schema-graph\">{\"@context\":\"https:\/\/schema.org\",\"@graph\":[{\"@type\":\"WebPage\",\"@id\":\"https:\/\/www.lathrop.legal\/en\/office\/\",\"url\":\"https:\/\/www.lathrop.legal\/en\/office\/\",\"name\":\"Office - Lathrop Mujica Herrera &amp; Diez Abogados\",\"isPartOf\":{\"@id\":\"https:\/\/www.lathrop.legal\/en\/#website\"},\"datePublished\":\"2024-01-04T14:45:34+00:00\",\"dateModified\":\"2026-01-10T20:49:24+00:00\",\"breadcrumb\":{\"@id\":\"https:\/\/www.lathrop.legal\/en\/office\/#breadcrumb\"},\"inLanguage\":\"en-US\",\"potentialAction\":[{\"@type\":\"ReadAction\",\"target\":[\"https:\/\/www.lathrop.legal\/en\/office\/\"]}]},{\"@type\":\"BreadcrumbList\",\"@id\":\"https:\/\/www.lathrop.legal\/en\/office\/#breadcrumb\",\"itemListElement\":[{\"@type\":\"ListItem\",\"position\":1,\"name\":\"Home\",\"item\":\"https:\/\/www.lathrop.legal\/en\/\"},{\"@type\":\"ListItem\",\"position\":2,\"name\":\"Office\"}]},{\"@type\":\"WebSite\",\"@id\":\"https:\/\/www.lathrop.legal\/en\/#website\",\"url\":\"https:\/\/www.lathrop.legal\/en\/\",\"name\":\"Lathrop Mujica Herrera &amp; Diez Abogados\",\"description\":\"\",\"potentialAction\":[{\"@type\":\"SearchAction\",\"target\":{\"@type\":\"EntryPoint\",\"urlTemplate\":\"https:\/\/www.lathrop.legal\/en\/?s={search_term_string}\"},\"query-input\":{\"@type\":\"PropertyValueSpecification\",\"valueRequired\":true,\"valueName\":\"search_term_string\"}}],\"inLanguage\":\"en-US\"}]}<\/script>\n<!-- \/ Yoast SEO plugin. -->","yoast_head_json":{"title":"Office - Lathrop Mujica Herrera &amp; Diez Abogados","robots":{"index":"index","follow":"follow","max-snippet":"max-snippet:-1","max-image-preview":"max-image-preview:large","max-video-preview":"max-video-preview:-1"},"canonical":"https:\/\/www.lathrop.legal\/en\/office\/","og_locale":"en_US","og_type":"article","og_title":"Office - Lathrop Mujica Herrera &amp; Diez Abogados","og_description":"Office Descubre nuestro espacio de trabajo y conoce donde nacen nuestras estrategias legales. Ubicaci\u00f3n Las oficinas de Lathrop Mujica Herrera &amp; Diez Abogados est\u00e1n ubicadas en Av. El Golf 82, piso 3, Las Condes, Santiago &#8211; Chile. Infraestructura M\u00e1xima seguridad Oficinas seguras Contamos con medidas de seguridad con el fin de resguardar la integridad de [&hellip;]","og_url":"https:\/\/www.lathrop.legal\/en\/office\/","og_site_name":"Lathrop Mujica Herrera &amp; Diez Abogados","article_modified_time":"2026-01-10T20:49:24+00:00","twitter_card":"summary_large_image","twitter_misc":{"Est. reading time":"1 minute"},"schema":{"@context":"https:\/\/schema.org","@graph":[{"@type":"WebPage","@id":"https:\/\/www.lathrop.legal\/en\/office\/","url":"https:\/\/www.lathrop.legal\/en\/office\/","name":"Office - Lathrop Mujica Herrera &amp; Diez Abogados","isPartOf":{"@id":"https:\/\/www.lathrop.legal\/en\/#website"},"datePublished":"2024-01-04T14:45:34+00:00","dateModified":"2026-01-10T20:49:24+00:00","breadcrumb":{"@id":"https:\/\/www.lathrop.legal\/en\/office\/#breadcrumb"},"inLanguage":"en-US","potentialAction":[{"@type":"ReadAction","target":["https:\/\/www.lathrop.legal\/en\/office\/"]}]},{"@type":"BreadcrumbList","@id":"https:\/\/www.lathrop.legal\/en\/office\/#breadcrumb","itemListElement":[{"@type":"ListItem","position":1,"name":"Home","item":"https:\/\/www.lathrop.legal\/en\/"},{"@type":"ListItem","position":2,"name":"Office"}]},{"@type":"WebSite","@id":"https:\/\/www.lathrop.legal\/en\/#website","url":"https:\/\/www.lathrop.legal\/en\/","name":"Lathrop Mujica Herrera &amp; Diez Abogados","description":"","potentialAction":[{"@type":"SearchAction","target":{"@type":"EntryPoint","urlTemplate":"https:\/\/www.lathrop.legal\/en\/?s={search_term_string}"},"query-input":{"@type":"PropertyValueSpecification","valueRequired":true,"valueName":"search_term_string"}}],"inLanguage":"en-US"}]}},"_links":{"self":[{"href":"https:\/\/www.lathrop.legal\/en\/wp-json\/wp\/v2\/pages\/3132","targetHints":{"allow":["GET"]}}],"collection":[{"href":"https:\/\/www.lathrop.legal\/en\/wp-json\/wp\/v2\/pages"}],"about":[{"href":"https:\/\/www.lathrop.legal\/en\/wp-json\/wp\/v2\/types\/page"}],"author":[{"embeddable":true,"href":"https:\/\/www.lathrop.legal\/en\/wp-json\/wp\/v2\/users\/2"}],"replies":[{"embeddable":true,"href":"https:\/\/www.lathrop.legal\/en\/wp-json\/wp\/v2\/comments?post=3132"}],"version-history":[{"count":11,"href":"https:\/\/www.lathrop.legal\/en\/wp-json\/wp\/v2\/pages\/3132\/revisions"}],"predecessor-version":[{"id":4361,"href":"https:\/\/www.lathrop.legal\/en\/wp-json\/wp\/v2\/pages\/3132\/revisions\/4361"}],"wp:attachment":[{"href":"https:\/\/www.lathrop.legal\/en\/wp-json\/wp\/v2\/media?parent=3132"}],"curies":[{"name":"wp","href":"https:\/\/api.w.org\/{rel}","templated":true}]}}